{"id":3,"date":"2021-08-06T04:14:28","date_gmt":"2021-08-06T02:14:28","guid":{"rendered":"https:\/\/wayz.digital\/?page_id=3"},"modified":"2021-12-27T08:38:09","modified_gmt":"2021-12-27T07:38:09","slug":"politique-de-confidentialite","status":"publish","type":"page","link":"https:\/\/wayz.digital\/index.php\/politique-de-confidentialite\/","title":{"rendered":"Politique de confidentialit\u00e9"},"content":{"rendered":"\r\n<p style=\"text-align: right;\"><em>Derni\u00e8re modification : 26\/12\/2021<\/em><\/p>\r\n<p style=\"font-weight: 400;\"><strong>WAYZ DIGITAL<\/strong> respecte la vie priv\u00e9e de ses utilisateurs et a \u00e9labor\u00e9 cette politique de confidentialit\u00e9 pour d\u00e9montrer son engagement \u00e0 prot\u00e9ger votre vie priv\u00e9e.<\/p>\r\n<hr \/>\r\n<p style=\"font-weight: 400;\">En tant que personne utilisant nos Services, nous vous encourageons \u00e0 lire tr\u00e8s attentivement cette politique de confidentialit\u00e9. Lorsque vous utilisez nos Services ou lorsque vous faites des affaires avec nous, vous acceptez les pratiques d\u00e9crites dans cette politique de confidentialit\u00e9.<\/p>\r\n<p style=\"font-weight: 400;\">Si vous avez des questions concernant la s\u00e9curit\u00e9 de nos Services ou en mati\u00e8re de confidentialit\u00e9, vous pouvez nous envoyer un mail \u00e0 <a href=\"mailto:aide@wayz.digital\">aide@wayz.digital<\/a>\u00a0pour toutes questions.<\/p>\r\n<hr \/>\r\n<h2 class=\"wp-block-heading\">Qui sommes-nous\u00a0?<\/h2>\r\n<p><strong>WAYZ digital<\/strong> est ouvert depuis le <strong>04\/01\/2019<\/strong> avec la forme juridique de <strong>personne physique.<\/strong><\/p>\r\n<p>Le num\u00e9ro TAHITI est le <strong>905232. <\/strong>Enregistr\u00e9 au RCS Papeete TPI <strong>19 2922<\/strong><\/p>\r\n<p>L&rsquo;entreprise en localis\u00e9 \u00e0 Miri, Puniaauia \u00e0 Tahiti : <strong>BP 13261<\/strong><\/p>\r\n<p>Le site vitrine est accessible \u00e0 l&rsquo;adresse suivante : <a href=\"https:\/\/wayz.digital\">https:\/\/wayz.digital<\/a><\/p>\r\n<p>&nbsp;<\/p>\r\n<h2 style=\"font-weight: 400;\"><strong>Vos droits<\/strong><\/h2>\r\n<blockquote>\r\n<p style=\"font-weight: 400;\"><em>D&rsquo;\u00eatre inform\u00e9 de notre traitement de vos donn\u00e9es personnelles.<\/em><\/p>\r\n<p style=\"font-weight: 400;\"><em>De faire corriger vos donn\u00e9es personnelles si elles sont inexactes et de faire compl\u00e9ter les donn\u00e9es personnelles incompl\u00e8tes.<\/em><\/p>\r\n<p style=\"font-weight: 400;\"><em>De s\u2019opposer au traitement de vos donn\u00e9es personnelles<\/em><\/p>\r\n<p style=\"font-weight: 400;\"><em>De limiter le traitement de vos donn\u00e9es personnelles<\/em><\/p>\r\n<p style=\"font-weight: 400;\"><em>D\u2019obtenir l&rsquo;effacement de vos donn\u00e9es personnelles (le \u00ab\u00a0droit \u00e0 l&rsquo;oubli\u00a0\u00bb)<\/em><\/p>\r\n<p style=\"font-weight: 400;\"><em>De demander l&rsquo;acc\u00e8s \u00e0 vos donn\u00e9es personnelles et \u00e0 des informations sur la mani\u00e8re dont nous les traitons<\/em><\/p>\r\n<p style=\"font-weight: 400;\"><em>De d\u00e9placer, copier ou transf\u00e9rer vos donn\u00e9es personnelles (\u00ab\u00a0portabilit\u00e9 des donn\u00e9es\u00a0\u00bb)<\/em><\/p>\r\n<p style=\"font-weight: 400;\"><em>En ce qui concerne la prise de d\u00e9cision automatis\u00e9e, y compris le profilage.<\/em><\/p>\r\n<p style=\"font-weight: 400;\"><em>Vous avez le droit de d\u00e9poser une plainte aupr\u00e8s d&rsquo;une autorit\u00e9 de contr\u00f4le.<\/em><\/p>\r\n<\/blockquote>\r\n<h2 style=\"font-weight: 400;\"><strong><br \/>Fins et fondements juridiques<\/strong><\/h2>\r\n<p style=\"font-weight: 400;\"><strong>WAYZ DIGITAL<\/strong> utilise votre adresse \u00e9lectronique pour vous connecter \u00e0 votre compte. Votre mot de passe est chiffr\u00e9, il n\u2019y a que\u00a0l'\u00a0\u00bb<strong>Utilisateur<\/strong>\u00a0\u00bb le connait. Nous utiliserons votre adresse \u00e9lectronique uniquement \u00e0 des fins de notifications de l\u2019usage des Services souscrit. Mais \u00e9galement des informations importantes sur la s\u00e9curit\u00e9 ou des modifications importantes de la pr\u00e9sente politique de confidentialit\u00e9.<\/p>\r\n<p style=\"font-weight: 400;\">En souscrivant \u00e0 nos Services, vous acceptez de recevoir des informations commerciales de la part de <strong>WAYZ DIGITAL<\/strong>, nous utiliserons votre adresse \u00e9lectronique afin de vous envoyer des informations commerciales sur les produits et les applications de <strong>WAYZ DIGITAL<\/strong>. Le fondement juridique de l\u2019utilisation de votre adresse \u00e9lectronique \u00e0 cette fin est votre consentement. Vous pouvez retirer votre consentement \u00e0 tout moment par le biais du lien de d\u00e9sinscription figurant au bas de nos courriels de marketing.<\/p>\r\n<p style=\"font-weight: 400;\">\u00a0<\/p>\r\n<p style=\"font-weight: 400;\">\u00a0<\/p>\r\n<h2 style=\"font-weight: 400;\"><strong>Informations collect\u00e9es.<\/strong><\/h2>\r\n<p style=\"font-weight: 400;\">Lors de la souscription \u00e0 nos Services vous nous fournissez des informations vous concernant. <strong>WAYZ DIGITAL<\/strong> s\u2019applique \u00e0 ne partager avec aucunes autres tiers vos informations personnelles. Ces informations sont n\u00e9cessaires pour une utilisation optimale de nos Services.<\/p>\r\n<p style=\"font-weight: 400;\">\u00a0<\/p>\r\n<h2 style=\"font-weight: 400;\"><strong>Cookies.<\/strong><\/h2>\r\n<p style=\"font-weight: 400;\">Lorsque vous visitez\u00a0<a href=\"https:\/\/www.wayz.digital\/\">www.wayz.digital<\/a>, nous pouvons attribuer \u00e0 votre ordinateur un ou plusieurs cookies, afin de faciliter l&rsquo;acc\u00e8s \u00e0 nos sites Web, de personnaliser votre exp\u00e9rience en ligne et d&rsquo;enregistrer des informations sur votre visite sur nos sites Web. Gr\u00e2ce \u00e0 l&rsquo;utilisation d&rsquo;un cookie, nous pouvons \u00e9galement collecter automatiquement des informations sur votre activit\u00e9 en ligne sur nos sites Web, comme les pages Web que vous visitez, les liens ou les publicit\u00e9s sur lesquels vous cliquez, ou les autres actions que vous effectuez en visitant\u00a0<a href=\"https:\/\/www.wayz.digital\/\">www.wayz.digital<\/a>\u00a0si vous avez activ\u00e9 les cookies.<\/p>\r\n<p style=\"font-weight: 400;\"><strong>WAYZ DIGITAL<\/strong> se donne la libert\u00e9, par le biais de\u00a0<a href=\"https:\/\/www.wayz.digital\/\">www.wayz.digital<\/a>,\u00a0collecter automatiquement votre adresse IP, les temps d&rsquo;acc\u00e8s et l&rsquo;adresse du site Web de r\u00e9f\u00e9rence \u00e0 des fins d&rsquo;identification.<\/p>\r\n<p>&nbsp;<\/p>\r\n<h2 style=\"font-weight: 400;\"><b><strong>Informations personnelles.<\/strong><\/b><\/h2>\r\n<p style=\"font-weight: 400;\">\u00c0 savoir que <a href=\"https:\/\/www.wayz.digital\/\">wayz.digital<\/a>\u00a0ne recueille pas, n&rsquo;enregistre pas et ne stocke pas d&rsquo;informations personnelles sur les visiteurs qui ne font que naviguer sur ce site, \u00e0 moins que vous ne nous les fournissiez volontairement et intentionnellement. Nous ne recueillons pas de renseignements personnels \u00e0 votre insu ou sans votre consentement.<\/p>\r\n<p style=\"font-weight: 400;\">\u00a0<\/p>\r\n<h2 style=\"font-weight: 400;\"><b><strong>Communications des utilisateurs.<\/strong><\/b><\/h2>\r\n<p style=\"font-weight: 400;\">Les utilisateurs des Services <strong>WAYZ DIGITAL<\/strong> et visiteur de <a href=\"https:\/\/www.wayz.digital\/\">wayz.digital<\/a>\u00a0peuvent en tout temps contacter <strong>WAYZ DIGITAL<\/strong> pour des questions ou des demandes. <strong>WAYZ DIGITAL<\/strong> conservera ces communications afin de traiter et de r\u00e9pondre \u00e0 ces demandes et requ\u00eates.<br \/>Il existe 2 moyens publics de nous contacter :<br \/>\u00a0\u00a0\u00a0\u00a0\u00a0\u00a0\u00a0\u00a0\u00a0\u00a0\u00a0\u00a0\u00a0\u00a0\u00a0\u00a0a. Par mail\u00a0:\u00a0<a href=\"mailto:aide@wayz.digital\">aide@wayz.digital<\/a><br \/>\u00a0\u00a0\u00a0\u00a0\u00a0\u00a0\u00a0\u00a0\u00a0\u00a0\u00a0\u00a0\u00a0\u00a0\u00a0\u00a0b. Par le formulaire de contact sur\u00a0<a href=\"https:\/\/www.wayz.digital\/contact\">www.wayz.digital<\/a><\/p>\r\n<p>&nbsp;<\/p>\r\n<h2 style=\"font-weight: 400;\"><strong>Conservation des donn\u00e9es personnelles.<\/strong><\/h2>\r\n<p style=\"font-weight: 400;\">Les crit\u00e8res suivants sont utilis\u00e9s pour d\u00e9terminer les p\u00e9riodes de conservation de vos donn\u00e9es personnelles :<\/p>\r\n<p style=\"font-weight: 400;\">Nous conserverons vos donn\u00e9es personnelles aussi longtemps que votre compte wayz.digital est consid\u00e9r\u00e9 comme actif.<\/p>\r\n<p style=\"font-weight: 400;\">Nous conserverons les informations techniques concernant vos visites sur les sites Web de wayz.digital pendant 12 mois.<\/p>\r\n<p style=\"font-weight: 400;\">\u00a0<\/p>\r\n<h2 style=\"font-weight: 400;\"><strong>S\u00e9curit\u00e9.<\/strong><\/h2>\r\n<p style=\"font-weight: 400;\">Nous avons mis en place des mesures visant \u00e0 pr\u00e9server la confidentialit\u00e9 de toutes les informations personnelles sous notre garde et notre contr\u00f4le, notamment en ne donnant acc\u00e8s aux informations personnelles qu&rsquo;aux employ\u00e9s et aux prestataires de services autoris\u00e9s qui ont besoin de ces informations aux fins d\u00e9crites dans le pr\u00e9sent document. Nous maintenons des mesures de protection administratives, techniques et physiques afin de nous prot\u00e9ger contre l&rsquo;acc\u00e8s, l&rsquo;utilisation, la modification et la divulgation non autoris\u00e9s des informations personnelles dont nous avons la garde et le contr\u00f4le. Pour vous offrir un niveau de s\u00e9curit\u00e9 accru en ligne, l&rsquo;acc\u00e8s \u00e0 vos informations personnelles sur certains de nos sites web peut \u00eatre prot\u00e9g\u00e9 par un mot de passe que vous choisissez. Nous vous recommandons vivement de ne pas divulguer votre mot de passe \u00e0 qui que ce soit. Nous ne vous demanderons jamais votre mot de passe dans une communication non sollicit\u00e9e.<\/p>\r\n<p>&nbsp;<\/p>\r\n<h2 style=\"font-weight: 400;\"><strong>Divulgation d&rsquo;informations.<\/strong><\/h2>\r\n<p style=\"font-weight: 400;\"><strong>WAYZ digital<\/strong> peut divulguer vos informations : (1) en r\u00e9ponse \u00e0 une citation \u00e0 compara\u00eetre, \u00e0 une ordonnance du tribunal ou \u00e0 une demande de coop\u00e9ration de la part d&rsquo;organismes d&rsquo;application de la loi ; (2) pour se d\u00e9fendre contre des r\u00e9clamations l\u00e9gales ; (3) lorsque nous pensons que la divulgation est appropri\u00e9e dans le cadre d&rsquo;efforts visant \u00e0 enqu\u00eater, pr\u00e9venir ou prendre des mesures concernant une activit\u00e9 ill\u00e9gale, une fraude ou un acte r\u00e9pr\u00e9hensible ; (4) pour prot\u00e9ger les droits, la propri\u00e9t\u00e9 et la s\u00e9curit\u00e9 de notre soci\u00e9t\u00e9, de nos utilisateurs, de nos employ\u00e9s ou d&rsquo;autres personnes ; (5) pour faire respecter les conditions de notre site web ; (6) dans le cas d&rsquo;une transaction substantielle de l&rsquo;entreprise, telle que la vente de notre entreprise, une fusion ou une consolidation ; ou (7) comme requis par la loi.<\/p>\r\n<p style=\"font-weight: 400;\">\u00a0<\/p>\r\n<h2 style=\"font-weight: 400;\"><strong>Protection de vos informations.<\/strong><\/h2>\r\n<p style=\"font-weight: 400;\">Nous prenons des mesures de s\u00e9curit\u00e9 appropri\u00e9es (y compris des mesures physiques, \u00e9lectroniques et proc\u00e9durales) pour aider \u00e0 prot\u00e9ger vos informations personnelles contre tout acc\u00e8s et toute divulgation non autoris\u00e9s. L&rsquo;acc\u00e8s \u00e0 vos informations personnelles est limit\u00e9 aux employ\u00e9s, contractants et prestataire de services de WAYZ digital, pour lesquels ces informations sont n\u00e9cessaires \u00e0 la maintenance et \u00e0 l&rsquo;am\u00e9lioration de nos services. Chacune des personnes ayant connaissances de donn\u00e9es sensibles sont soumis \u00e0 la plus grande discr\u00e9tion par contrat l\u00e9gal, pr\u00e9alablement sign\u00e9 des 2 parties : <strong>WAYZ digital<\/strong> et l&rsquo;individu.<\/p>\r\n<p style=\"font-weight: 400;\">Les utilisateurs doivent \u00e9galement faire attention \u00e0 la mani\u00e8re dont ils traitent et divulguent leurs informations personnelles.<\/p>\r\n<p style=\"font-weight: 400;\">\u00a0<\/p>\r\n<h2 style=\"font-weight: 400;\"><strong>Modification de la pr\u00e9sente politique de confidentialit\u00e9.<\/strong><\/h2>\r\n<p style=\"font-weight: 400;\"><strong>WAYZ digital<\/strong> se r\u00e9serve le droit, et peu de temps \u00e0 autre, apporter des modifications \u00e0 cette politique de confidentialit\u00e9. Les modifications seront notifi\u00e9es aux clients de WAYZ digital et rappel\u00e9 en haut de cette page.<\/p>\r\n","protected":false},"excerpt":{"rendered":"<p>Derni\u00e8re modification : 26\/12\/2021 WAYZ DIGITAL respecte la vie priv\u00e9e de ses utilisateurs et a \u00e9labor\u00e9 cette politique de confidentialit\u00e9 pour d\u00e9montrer son engagement \u00e0 prot\u00e9ger votre vie priv\u00e9e. En tant que personne utilisant nos [&hellip;]<\/p>\n","protected":false},"author":1,"featured_media":0,"parent":0,"menu_order":0,"comment_status":"closed","ping_status":"closed","template":"","meta":{"footnotes":""},"class_list":["post-3","page","type-page","status-publish","hentry"],"_links":{"self":[{"href":"https:\/\/wayz.digital\/index.php\/wp-json\/wp\/v2\/pages\/3","targetHints":{"allow":["GET"]}}],"collection":[{"href":"https:\/\/wayz.digital\/index.php\/wp-json\/wp\/v2\/pages"}],"about":[{"href":"https:\/\/wayz.digital\/index.php\/wp-json\/wp\/v2\/types\/page"}],"author":[{"embeddable":true,"href":"https:\/\/wayz.digital\/index.php\/wp-json\/wp\/v2\/users\/1"}],"replies":[{"embeddable":true,"href":"https:\/\/wayz.digital\/index.php\/wp-json\/wp\/v2\/comments?post=3"}],"version-history":[{"count":4,"href":"https:\/\/wayz.digital\/index.php\/wp-json\/wp\/v2\/pages\/3\/revisions"}],"predecessor-version":[{"id":2103,"href":"https:\/\/wayz.digital\/index.php\/wp-json\/wp\/v2\/pages\/3\/revisions\/2103"}],"wp:attachment":[{"href":"https:\/\/wayz.digital\/index.php\/wp-json\/wp\/v2\/media?parent=3"}],"curies":[{"name":"wp","href":"https:\/\/api.w.org\/{rel}","templated":true}]}}